{"id":250,"date":"2024-02-23T20:56:35","date_gmt":"2024-02-23T20:56:35","guid":{"rendered":"https:\/\/canadiansforcandu.com\/faq\/"},"modified":"2024-03-19T13:57:03","modified_gmt":"2024-03-19T13:57:03","slug":"faq","status":"publish","type":"page","link":"https:\/\/canadiansforcandu.com\/fr\/faq\/","title":{"rendered":"FAQ"},"content":{"rendered":"<div class=\"wp-block-container\" id=\"faq\">\n  <div class=\"container\">\n    \n\n<h2 class=\"wp-block-heading\"><strong>Comprendre la technologie CANDU<\/strong><\/h2>\n\n\n\n<p><\/p>\n\n\n<div class=\"wp-block-accordion accordion\" id=\"lMFcp\">\n            \n      <div class=\"accordion-item\">\n        <h3 class=\"accordion-header\" id=\"6bYTr\">\n          <button class=\"accordion-button \" type=\"button\" data-bs-toggle=\"collapse\"\n            data-bs-target=\"#target-6bYTr\" aria-expanded=\"true\"\n            aria-controls=\"target-6bYTr\">\n\n            <span>Qu&#039;est-ce que le r\u00e9acteur CANDU MONARK ?<\/span>\n\n            <div class=\"accordion-icon\">\n              <svg role=\"img\" class=\"angle-down-icon\">\n                <use xlink:href=\"#angle-down-icon\"><\/use>\n              <\/svg>\n            <\/div>\n\n          <\/button>\n        <\/h3>\n        <div id=\"target-6bYTr\" class=\"accordion-collapse collapse show\"\n          aria-labelledby=\"6bYTr\" data-bs-parent=\"#lMFcp\">\n          <div class=\"accordion-body\">\n\n            <div class=\"left\">\n              <p><span style=\"font-weight: 400;\">Le r\u00e9acteur CANDU MONARK est une solution de pointe en mati\u00e8re d&rsquo;\u00e9nergie nucl\u00e9aire, con\u00e7ue pour assurer un avenir rentable, s\u00fbr sur le plan \u00e9nerg\u00e9tique et sans \u00e9missions nettes. Il s&rsquo;appuie sur le succ\u00e8s des mod\u00e8les CANDU pr\u00e9c\u00e9dents et incorpore des d\u00e9cennies de d\u00e9veloppement de la conception pour offrir un produit national \u00e0 grande \u00e9chelle aux services publics qui cherchent \u00e0 d\u00e9ployer une nouvelle \u00e9nergie nucl\u00e9aire \u00e0 grande \u00e9chelle.<\/span><\/p>\n\n            <\/div>\n            \n          <\/div>\n        <\/div>\n      <\/div>\n          \n      <div class=\"accordion-item\">\n        <h3 class=\"accordion-header\" id=\"5rEZP\">\n          <button class=\"accordion-button collapsed\" type=\"button\" data-bs-toggle=\"collapse\"\n            data-bs-target=\"#target-5rEZP\" aria-expanded=\"\"\n            aria-controls=\"target-5rEZP\">\n\n            <span>Quelles sont les principales caract\u00e9ristiques du r\u00e9acteur CANDU MONARK ?<\/span>\n\n            <div class=\"accordion-icon\">\n              <svg role=\"img\" class=\"angle-down-icon\">\n                <use xlink:href=\"#angle-down-icon\"><\/use>\n              <\/svg>\n            <\/div>\n\n          <\/button>\n        <\/h3>\n        <div id=\"target-5rEZP\" class=\"accordion-collapse collapse \"\n          aria-labelledby=\"5rEZP\" data-bs-parent=\"#lMFcp\">\n          <div class=\"accordion-body\">\n\n            <div class=\"left\">\n              <p><span style=\"font-weight: 400;\">Le r\u00e9acteur CANDU MONARK pr\u00e9sente plusieurs caract\u00e9ristiques essentielles, notamment<\/span><\/p>\n<p><span style=\"font-weight: 400;\">Une puissance sup\u00e9rieure de 1 000 MW<\/span><\/p>\n<p><span style=\"font-weight: 400;\">Am\u00e9lioration du co\u00fbt par m\u00e9gawattheure<\/span><\/p>\n<p><span style=\"font-weight: 400;\">Dur\u00e9e de vie prolong\u00e9e de 70 ans<\/span><\/p>\n<p><span style=\"font-weight: 400;\">Principes de conception durable qui minimisent l&rsquo;impact sur l&rsquo;environnement<\/span><\/p>\n<p><span style=\"font-weight: 400;\">Int\u00e9gration dans les r\u00e9seaux \u00e9lectriques flexibles du futur<\/span><\/p>\n<p><span style=\"font-weight: 400;\">Utilisation des techniques d&rsquo;ing\u00e9nierie les plus r\u00e9centes, y compris la technologie des jumeaux num\u00e9riques<\/span><\/p>\n\n            <\/div>\n            \n          <\/div>\n        <\/div>\n      <\/div>\n          \n      <div class=\"accordion-item\">\n        <h3 class=\"accordion-header\" id=\"EMnkz\">\n          <button class=\"accordion-button collapsed\" type=\"button\" data-bs-toggle=\"collapse\"\n            data-bs-target=\"#target-EMnkz\" aria-expanded=\"\"\n            aria-controls=\"target-EMnkz\">\n\n            <span>  Comment le CANDU MONARK simplifie-t-il la construction ?<\/span>\n\n            <div class=\"accordion-icon\">\n              <svg role=\"img\" class=\"angle-down-icon\">\n                <use xlink:href=\"#angle-down-icon\"><\/use>\n              <\/svg>\n            <\/div>\n\n          <\/button>\n        <\/h3>\n        <div id=\"target-EMnkz\" class=\"accordion-collapse collapse \"\n          aria-labelledby=\"EMnkz\" data-bs-parent=\"#lMFcp\">\n          <div class=\"accordion-body\">\n\n            <div class=\"left\">\n              <p><span style=\"font-weight: 400;\">La conception du r\u00e9acteur donne la priorit\u00e9 \u00e0 une construction simplifi\u00e9e gr\u00e2ce \u00e0 une strat\u00e9gie de construction par modules, ce qui r\u00e9duit le temps de construction et les risques. Un contr\u00f4le accru gr\u00e2ce \u00e0 des concepts de livraison num\u00e9rique permet de rationaliser davantage le processus de construction.<\/span><\/p>\n\n            <\/div>\n            \n          <\/div>\n        <\/div>\n      <\/div>\n          \n      <div class=\"accordion-item\">\n        <h3 class=\"accordion-header\" id=\"kQUl2\">\n          <button class=\"accordion-button collapsed\" type=\"button\" data-bs-toggle=\"collapse\"\n            data-bs-target=\"#target-kQUl2\" aria-expanded=\"\"\n            aria-controls=\"target-kQUl2\">\n\n            <span>Comment le CANDU MONARK assure-t-il la s\u00e9curit\u00e9 \u00e9nerg\u00e9tique ?<\/span>\n\n            <div class=\"accordion-icon\">\n              <svg role=\"img\" class=\"angle-down-icon\">\n                <use xlink:href=\"#angle-down-icon\"><\/use>\n              <\/svg>\n            <\/div>\n\n          <\/button>\n        <\/h3>\n        <div id=\"target-kQUl2\" class=\"accordion-collapse collapse \"\n          aria-labelledby=\"kQUl2\" data-bs-parent=\"#lMFcp\">\n          <div class=\"accordion-body\">\n\n            <div class=\"left\">\n              <p><span style=\"font-weight: 400;\">Le CANDU MONARK tire parti de la conception \u00e9prouv\u00e9e du CANDU, qui offre un rendement \u00e9nerg\u00e9tique \u00e9lev\u00e9 et des facteurs de capacit\u00e9 sur toute la dur\u00e9e de vie. Elle utilise l&rsquo;uranium naturel comme source de combustible, ce qui permet une production nationale. Elle est dot\u00e9e d&rsquo;un syst\u00e8me de ravitaillement en \u00e9nergie et d&rsquo;une maintenance en ligne, ce qui lui conf\u00e8re une plus grande flexibilit\u00e9.<\/span><\/p>\n\n            <\/div>\n            \n          <\/div>\n        <\/div>\n      <\/div>\n          \n      <div class=\"accordion-item\">\n        <h3 class=\"accordion-header\" id=\"KRE9n\">\n          <button class=\"accordion-button collapsed\" type=\"button\" data-bs-toggle=\"collapse\"\n            data-bs-target=\"#target-KRE9n\" aria-expanded=\"\"\n            aria-controls=\"target-KRE9n\">\n\n            <span>Quelle est la capacit\u00e9 d&#039;int\u00e9gration nette z\u00e9ro du CANDU MONARK ?<\/span>\n\n            <div class=\"accordion-icon\">\n              <svg role=\"img\" class=\"angle-down-icon\">\n                <use xlink:href=\"#angle-down-icon\"><\/use>\n              <\/svg>\n            <\/div>\n\n          <\/button>\n        <\/h3>\n        <div id=\"target-KRE9n\" class=\"accordion-collapse collapse \"\n          aria-labelledby=\"KRE9n\" data-bs-parent=\"#lMFcp\">\n          <div class=\"accordion-body\">\n\n            <div class=\"left\">\n              <p><span style=\"font-weight: 400;\">Le r\u00e9acteur CANDU MONARK produit de l&rsquo;\u00e9lectricit\u00e9 d\u00e9carbonis\u00e9e sans \u00e9missions, ce qui r\u00e9duit consid\u00e9rablement les \u00e9missions de CO<\/span><span style=\"font-weight: 400;\">\u2082<\/span><span style=\"font-weight: 400;\">  lorsqu&rsquo;ils remplacent les combustibles fossiles. Ses conditions d&rsquo;implantation souples permettent une int\u00e9gration ais\u00e9e dans les r\u00e9seaux \u00e9nerg\u00e9tiques existants, facilitant ainsi la transition vers des \u00e9missions nettes nulles.<\/span><\/p>\n\n            <\/div>\n            \n          <\/div>\n        <\/div>\n      <\/div>\n          \n      <div class=\"accordion-item\">\n        <h3 class=\"accordion-header\" id=\"q37VU\">\n          <button class=\"accordion-button collapsed\" type=\"button\" data-bs-toggle=\"collapse\"\n            data-bs-target=\"#target-q37VU\" aria-expanded=\"\"\n            aria-controls=\"target-q37VU\">\n\n            <span>Le r\u00e9acteur CANDU MONARK contribue-t-il \u00e0 la production d&#039;isotopes m\u00e9dicaux ?<\/span>\n\n            <div class=\"accordion-icon\">\n              <svg role=\"img\" class=\"angle-down-icon\">\n                <use xlink:href=\"#angle-down-icon\"><\/use>\n              <\/svg>\n            <\/div>\n\n          <\/button>\n        <\/h3>\n        <div id=\"target-q37VU\" class=\"accordion-collapse collapse \"\n          aria-labelledby=\"q37VU\" data-bs-parent=\"#lMFcp\">\n          <div class=\"accordion-body\">\n\n            <div class=\"left\">\n              <p><span style=\"font-weight: 400;\">Oui, comme ses pr\u00e9d\u00e9cesseurs, le CANDU MONARK produit des isotopes de qualit\u00e9 m\u00e9dicale utilis\u00e9s pour la d\u00e9tection et le traitement du cancer, ainsi que pour la st\u00e9rilisation d&rsquo;\u00e9quipements m\u00e9dicaux. Les r\u00e9acteurs CANDU de l&rsquo;Ontario, par exemple, produisent 50 % de l&rsquo;approvisionnement mondial en isotopes de cobalt 60.<\/span><\/p>\n\n            <\/div>\n            \n          <\/div>\n        <\/div>\n      <\/div>\n          \n      <div class=\"accordion-item\">\n        <h3 class=\"accordion-header\" id=\"uYoRJ\">\n          <button class=\"accordion-button collapsed\" type=\"button\" data-bs-toggle=\"collapse\"\n            data-bs-target=\"#target-uYoRJ\" aria-expanded=\"\"\n            aria-controls=\"target-uYoRJ\">\n\n            <span>Le CANDU MONARK peut-il soutenir la production d&#039;hydrog\u00e8ne ?<\/span>\n\n            <div class=\"accordion-icon\">\n              <svg role=\"img\" class=\"angle-down-icon\">\n                <use xlink:href=\"#angle-down-icon\"><\/use>\n              <\/svg>\n            <\/div>\n\n          <\/button>\n        <\/h3>\n        <div id=\"target-uYoRJ\" class=\"accordion-collapse collapse \"\n          aria-labelledby=\"uYoRJ\" data-bs-parent=\"#lMFcp\">\n          <div class=\"accordion-body\">\n\n            <div class=\"left\">\n              <p><span style=\"font-weight: 400;\">Oui, le r\u00e9acteur CANDU MONARK peut int\u00e9grer une usine de production d&rsquo;hydrog\u00e8ne et une installation de stockage, en tirant parti de la chaleur exc\u00e9dentaire de l&rsquo;usine pour am\u00e9liorer l&rsquo;efficacit\u00e9 de la production d&rsquo;hydrog\u00e8ne.<\/span><\/p>\n\n            <\/div>\n            \n          <\/div>\n        <\/div>\n      <\/div>\n          \n      <div class=\"accordion-item\">\n        <h3 class=\"accordion-header\" id=\"D6Q59\">\n          <button class=\"accordion-button collapsed\" type=\"button\" data-bs-toggle=\"collapse\"\n            data-bs-target=\"#target-D6Q59\" aria-expanded=\"\"\n            aria-controls=\"target-D6Q59\">\n\n            <span>En quoi le projet CANDU MONARK est-il b\u00e9n\u00e9fique pour l&#039;\u00e9conomie ?<\/span>\n\n            <div class=\"accordion-icon\">\n              <svg role=\"img\" class=\"angle-down-icon\">\n                <use xlink:href=\"#angle-down-icon\"><\/use>\n              <\/svg>\n            <\/div>\n\n          <\/button>\n        <\/h3>\n        <div id=\"target-D6Q59\" class=\"accordion-collapse collapse \"\n          aria-labelledby=\"D6Q59\" data-bs-parent=\"#lMFcp\">\n          <div class=\"accordion-body\">\n\n            <div class=\"left\">\n              <p><span style=\"font-weight: 400;\">Le d\u00e9ploiement et la maintenance des r\u00e9acteurs CANDU MONARK cr\u00e9ent des opportunit\u00e9s d&#8217;emploi dans diff\u00e9rents secteurs, soutenant et augmentant l&#8217;emploi dans l&rsquo;\u00e9conomie canadienne. De plus, il existe d&rsquo;importantes possibilit\u00e9s d&rsquo;exportation li\u00e9es au CANDU, ce qui contribue \u00e0 la croissance \u00e9conomique.<\/span><\/p>\n\n            <\/div>\n            \n          <\/div>\n        <\/div>\n      <\/div>\n          \n      <div class=\"accordion-item\">\n        <h3 class=\"accordion-header\" id=\"M9Nv9\">\n          <button class=\"accordion-button collapsed\" type=\"button\" data-bs-toggle=\"collapse\"\n            data-bs-target=\"#target-M9Nv9\" aria-expanded=\"\"\n            aria-controls=\"target-M9Nv9\">\n\n            <span>Quelles sont les mesures de s\u00e9curit\u00e9 du CANDU MONARK ?<\/span>\n\n            <div class=\"accordion-icon\">\n              <svg role=\"img\" class=\"angle-down-icon\">\n                <use xlink:href=\"#angle-down-icon\"><\/use>\n              <\/svg>\n            <\/div>\n\n          <\/button>\n        <\/h3>\n        <div id=\"target-M9Nv9\" class=\"accordion-collapse collapse \"\n          aria-labelledby=\"M9Nv9\" data-bs-parent=\"#lMFcp\">\n          <div class=\"accordion-body\">\n\n            <div class=\"left\">\n              <p><span style=\"font-weight: 400;\">Le CANDU MONARK r\u00e9pond \u00e0 des normes de s\u00e9curit\u00e9 de niveau international, avec des syst\u00e8mes complets de \u00ab\u00a0d\u00e9fense en profondeur\u00a0\u00bb pour att\u00e9nuer les risques. Il comprend des syst\u00e8mes d&rsquo;arr\u00eat redondants qui fonctionnent ind\u00e9pendamment sans alimentation \u00e9lectrique ni intervention de l&rsquo;op\u00e9rateur.<\/span><\/p>\n\n            <\/div>\n            \n          <\/div>\n        <\/div>\n      <\/div>\n          \n      <div class=\"accordion-item\">\n        <h3 class=\"accordion-header\" id=\"GCxou\">\n          <button class=\"accordion-button collapsed\" type=\"button\" data-bs-toggle=\"collapse\"\n            data-bs-target=\"#target-GCxou\" aria-expanded=\"\"\n            aria-controls=\"target-GCxou\">\n\n            <span>Qu&#039;est-ce qui distingue le CANDU MONARK des autres types de r\u00e9acteurs ?<\/span>\n\n            <div class=\"accordion-icon\">\n              <svg role=\"img\" class=\"angle-down-icon\">\n                <use xlink:href=\"#angle-down-icon\"><\/use>\n              <\/svg>\n            <\/div>\n\n          <\/button>\n        <\/h3>\n        <div id=\"target-GCxou\" class=\"accordion-collapse collapse \"\n          aria-labelledby=\"GCxou\" data-bs-parent=\"#lMFcp\">\n          <div class=\"accordion-body\">\n\n            <div class=\"left\">\n              <p><span style=\"font-weight: 400;\">Le CANDU MONARK conserve les caract\u00e9ristiques uniques de la technologie CANDU, notamment la capacit\u00e9 d&rsquo;utiliser de l&rsquo;uranium naturel comme combustible, de produire des isotopes m\u00e9dicaux, de se ravitailler en cours d&rsquo;exploitation et d&rsquo;incorporer des am\u00e9liorations avanc\u00e9es en mati\u00e8re de s\u00e9curit\u00e9 pour assurer la r\u00e9silience op\u00e9rationnelle, m\u00eame en cas d&rsquo;\u00e9v\u00e9nements climatiques extr\u00eames.<\/span><\/p>\n\n            <\/div>\n            \n          <\/div>\n        <\/div>\n      <\/div>\n      <\/div>\n\n\n  <\/div>\n<\/div>\n","protected":false},"excerpt":{"rendered":"","protected":false},"author":1,"featured_media":0,"parent":0,"menu_order":0,"comment_status":"closed","ping_status":"closed","template":"","meta":{"_acf_changed":false,"footnotes":""},"class_list":["post-250","page","type-page","status-publish","hentry"],"acf":[],"yoast_head":"<!-- This site is optimized with the Yoast SEO plugin v24.7 - https:\/\/yoast.com\/wordpress\/plugins\/seo\/ -->\n<title>FAQ - Canadians For Candu<\/title>\n<meta name=\"robots\" content=\"index, follow, max-snippet:-1, max-image-preview:large, max-video-preview:-1\" \/>\n<link rel=\"canonical\" href=\"https:\/\/canadiansforcandu.com\/fr\/faq\/\" \/>\n<meta property=\"og:locale\" content=\"fr_FR\" \/>\n<meta property=\"og:type\" content=\"article\" \/>\n<meta property=\"og:title\" content=\"FAQ - Canadians For Candu\" \/>\n<meta property=\"og:url\" content=\"https:\/\/canadiansforcandu.com\/fr\/faq\/\" \/>\n<meta property=\"og:site_name\" content=\"Canadians For Candu\" \/>\n<meta property=\"article:modified_time\" content=\"2024-03-19T13:57:03+00:00\" \/>\n<meta property=\"og:image\" content=\"https:\/\/canadiansforcandu.com\/wp-content\/uploads\/2024\/02\/footer-bg-1600x577.jpg\" \/>\n<meta name=\"twitter:card\" content=\"summary_large_image\" \/>\n<script type=\"application\/ld+json\" class=\"yoast-schema-graph\">{\"@context\":\"https:\/\/schema.org\",\"@graph\":[{\"@type\":\"WebPage\",\"@id\":\"https:\/\/canadiansforcandu.com\/fr\/faq\/\",\"url\":\"https:\/\/canadiansforcandu.com\/fr\/faq\/\",\"name\":\"FAQ - Canadians For Candu\",\"isPartOf\":{\"@id\":\"https:\/\/canadiansforcandu.com\/fr\/#website\"},\"datePublished\":\"2024-02-23T20:56:35+00:00\",\"dateModified\":\"2024-03-19T13:57:03+00:00\",\"breadcrumb\":{\"@id\":\"https:\/\/canadiansforcandu.com\/fr\/faq\/#breadcrumb\"},\"inLanguage\":\"fr-FR\",\"potentialAction\":[{\"@type\":\"ReadAction\",\"target\":[\"https:\/\/canadiansforcandu.com\/fr\/faq\/\"]}]},{\"@type\":\"BreadcrumbList\",\"@id\":\"https:\/\/canadiansforcandu.com\/fr\/faq\/#breadcrumb\",\"itemListElement\":[{\"@type\":\"ListItem\",\"position\":1,\"name\":\"Home\",\"item\":\"https:\/\/canadiansforcandu.com\/fr\/\"},{\"@type\":\"ListItem\",\"position\":2,\"name\":\"FAQ\"}]},{\"@type\":\"WebSite\",\"@id\":\"https:\/\/canadiansforcandu.com\/fr\/#website\",\"url\":\"https:\/\/canadiansforcandu.com\/fr\/\",\"name\":\"Canadians For Candu\",\"description\":\"\",\"publisher\":{\"@id\":\"https:\/\/canadiansforcandu.com\/fr\/#organization\"},\"potentialAction\":[{\"@type\":\"SearchAction\",\"target\":{\"@type\":\"EntryPoint\",\"urlTemplate\":\"https:\/\/canadiansforcandu.com\/fr\/?s={search_term_string}\"},\"query-input\":{\"@type\":\"PropertyValueSpecification\",\"valueRequired\":true,\"valueName\":\"search_term_string\"}}],\"inLanguage\":\"fr-FR\"},{\"@type\":\"Organization\",\"@id\":\"https:\/\/canadiansforcandu.com\/fr\/#organization\",\"name\":\"Canadians For Candu\",\"url\":\"https:\/\/canadiansforcandu.com\/fr\/\",\"logo\":{\"@type\":\"ImageObject\",\"inLanguage\":\"fr-FR\",\"@id\":\"https:\/\/canadiansforcandu.com\/fr\/#\/schema\/logo\/image\/\",\"url\":\"https:\/\/canadiansforcandu.com\/wp-content\/uploads\/2024\/02\/candu-logo.svg\",\"contentUrl\":\"https:\/\/canadiansforcandu.com\/wp-content\/uploads\/2024\/02\/candu-logo.svg\",\"width\":194,\"height\":53,\"caption\":\"Canadians For Candu\"},\"image\":{\"@id\":\"https:\/\/canadiansforcandu.com\/fr\/#\/schema\/logo\/image\/\"}}]}<\/script>\n<!-- \/ Yoast SEO plugin. -->","yoast_head_json":{"title":"FAQ - Canadians For Candu","robots":{"index":"index","follow":"follow","max-snippet":"max-snippet:-1","max-image-preview":"max-image-preview:large","max-video-preview":"max-video-preview:-1"},"canonical":"https:\/\/canadiansforcandu.com\/fr\/faq\/","og_locale":"fr_FR","og_type":"article","og_title":"FAQ - Canadians For Candu","og_url":"https:\/\/canadiansforcandu.com\/fr\/faq\/","og_site_name":"Canadians For Candu","article_modified_time":"2024-03-19T13:57:03+00:00","og_image":[{"url":"https:\/\/canadiansforcandu.com\/wp-content\/uploads\/2024\/02\/footer-bg-1600x577.jpg","type":"","width":"","height":""}],"twitter_card":"summary_large_image","schema":{"@context":"https:\/\/schema.org","@graph":[{"@type":"WebPage","@id":"https:\/\/canadiansforcandu.com\/fr\/faq\/","url":"https:\/\/canadiansforcandu.com\/fr\/faq\/","name":"FAQ - Canadians For Candu","isPartOf":{"@id":"https:\/\/canadiansforcandu.com\/fr\/#website"},"datePublished":"2024-02-23T20:56:35+00:00","dateModified":"2024-03-19T13:57:03+00:00","breadcrumb":{"@id":"https:\/\/canadiansforcandu.com\/fr\/faq\/#breadcrumb"},"inLanguage":"fr-FR","potentialAction":[{"@type":"ReadAction","target":["https:\/\/canadiansforcandu.com\/fr\/faq\/"]}]},{"@type":"BreadcrumbList","@id":"https:\/\/canadiansforcandu.com\/fr\/faq\/#breadcrumb","itemListElement":[{"@type":"ListItem","position":1,"name":"Home","item":"https:\/\/canadiansforcandu.com\/fr\/"},{"@type":"ListItem","position":2,"name":"FAQ"}]},{"@type":"WebSite","@id":"https:\/\/canadiansforcandu.com\/fr\/#website","url":"https:\/\/canadiansforcandu.com\/fr\/","name":"Canadians For Candu","description":"","publisher":{"@id":"https:\/\/canadiansforcandu.com\/fr\/#organization"},"potentialAction":[{"@type":"SearchAction","target":{"@type":"EntryPoint","urlTemplate":"https:\/\/canadiansforcandu.com\/fr\/?s={search_term_string}"},"query-input":{"@type":"PropertyValueSpecification","valueRequired":true,"valueName":"search_term_string"}}],"inLanguage":"fr-FR"},{"@type":"Organization","@id":"https:\/\/canadiansforcandu.com\/fr\/#organization","name":"Canadians For Candu","url":"https:\/\/canadiansforcandu.com\/fr\/","logo":{"@type":"ImageObject","inLanguage":"fr-FR","@id":"https:\/\/canadiansforcandu.com\/fr\/#\/schema\/logo\/image\/","url":"https:\/\/canadiansforcandu.com\/wp-content\/uploads\/2024\/02\/candu-logo.svg","contentUrl":"https:\/\/canadiansforcandu.com\/wp-content\/uploads\/2024\/02\/candu-logo.svg","width":194,"height":53,"caption":"Canadians For Candu"},"image":{"@id":"https:\/\/canadiansforcandu.com\/fr\/#\/schema\/logo\/image\/"}}]}},"_links":{"self":[{"href":"https:\/\/canadiansforcandu.com\/fr\/wp-json\/wp\/v2\/pages\/250","targetHints":{"allow":["GET"]}}],"collection":[{"href":"https:\/\/canadiansforcandu.com\/fr\/wp-json\/wp\/v2\/pages"}],"about":[{"href":"https:\/\/canadiansforcandu.com\/fr\/wp-json\/wp\/v2\/types\/page"}],"author":[{"embeddable":true,"href":"https:\/\/canadiansforcandu.com\/fr\/wp-json\/wp\/v2\/users\/1"}],"replies":[{"embeddable":true,"href":"https:\/\/canadiansforcandu.com\/fr\/wp-json\/wp\/v2\/comments?post=250"}],"version-history":[{"count":1,"href":"https:\/\/canadiansforcandu.com\/fr\/wp-json\/wp\/v2\/pages\/250\/revisions"}],"predecessor-version":[{"id":251,"href":"https:\/\/canadiansforcandu.com\/fr\/wp-json\/wp\/v2\/pages\/250\/revisions\/251"}],"wp:attachment":[{"href":"https:\/\/canadiansforcandu.com\/fr\/wp-json\/wp\/v2\/media?parent=250"}],"curies":[{"name":"wp","href":"https:\/\/api.w.org\/{rel}","templated":true}]}}